{"id":2,"date":"2014-09-05T08:17:34","date_gmt":"2014-09-05T08:17:34","guid":{"rendered":"http:\/\/sellerie-jeannot.fr\/wordpress\/?page_id=2"},"modified":"2025-08-11T20:10:01","modified_gmt":"2025-08-11T19:10:01","slug":"prestations","status":"publish","type":"page","link":"https:\/\/sellerie-jeannot.fr\/wordpress\/prestations\/","title":{"rendered":"Nos prestations"},"content":{"rendered":"<p>Nous pouvons r\u00e9aliser toutes prestations , remise en \u00e9tat\u00a0 ou personnalisation de l&rsquo;int\u00e9rieur de votre auto(ciel de toit, portes, tapis, si\u00e8ges),\u00a0 moto (selle confort ou sur-mesure),\u00a0 bateau(banquette, si\u00e8ge),\u00a0 du mat\u00e9riel m\u00e9dical (tables et fauteuil d&rsquo;examen, salle d&rsquo;attente, &#8230;) , des camping-cars, des camions\/utilitaires ou de l&rsquo;ameublement (canap\u00e9, tabouret, pouf, &#8230;<\/p>\n<div><\/div>\n<p>Tous ces produits\u00a0 sont utilis\u00e9es avec\u00a0 des tissus ou simili-cuir ou cuir , pour des domaines sp\u00e9cifiques tels que le m\u00e9dical nous avons a dispositions des mat\u00e9riaux class\u00e9es \u00ab\u00a0non-inflammables\u00a0\u00bb.<\/p>\n<div>\n<p>Nous pouvons vous r\u00e9aliser toutes prestations :<\/p>\n<\/div>\n<div>\n<p><span style=\"color: #ff0000;\">&#8211; La sellerie de votre auto , camion, utilitaire, camping-car\u00a0 :<\/span><\/p>\n<\/div>\n<div>\n<ul>\n<li style=\"text-align: left;\">\u00a0R\u00e9paration\/R\u00e9fection si\u00e8ge, banquette en\u00a0 tissu ,ska\u00ef , cuir<\/li>\n<li style=\"text-align: left;\">\u00a0R\u00e9fection pavillon , moquette , capote<\/li>\n<li style=\"text-align: left;\">\u00a0R\u00e9paration couture AirBag<\/li>\n<li style=\"text-align: left;\">\u00a0Recoloration\u00a0 cuir , ska\u00ef,<\/li>\n<li style=\"text-align: left;\">\u00a0R\u00e9paration Mousse assise ,dossier , banquette , ect&#8230;.<\/li>\n<li style=\"text-align: left;\">\u00a0Confection\u00a0 sur mesure si\u00e8ge , banquette, appui-t\u00eate , panneaux de porte, volant , soufflet<\/li>\n<\/ul>\n<\/div>\n<div>\n<p><span style=\"color: #ff0000;\">&#8211; La sellerie de votre moto :<\/span><\/p>\n<\/div>\n<div>\n<ul>\n<li>R\u00e9paration\/R\u00e9fection\u00a0 Housse<\/li>\n<li>Confection Housse sur mesure, selle confort<\/li>\n<li>R\u00e9paration Mousse<\/li>\n<\/ul>\n<\/div>\n<div>\n<p><span style=\"color: #ff0000;\">&#8211; La sellerie de votre bateau :<\/span><\/p>\n<\/div>\n<div>\n<ul>\n<li>R\u00e9paration\/r\u00e9fection si\u00e8ge , banquette<\/li>\n<li>Confection si\u00e8ge, banquette<\/li>\n<li>Taud<\/li>\n<li>Vaigrage<\/li>\n<\/ul>\n<\/div>\n<div>\n<p><span style=\"color: #ff0000;\">-La sellerie m\u00e9dical :<\/span><\/p>\n<\/div>\n<div>\n<ul>\n<li>Fauteuil\u00a0 dentaire<\/li>\n<li>Fauteuil de Pr\u00e9l\u00e8vement<\/li>\n<li>Divan d&rsquo;examen<\/li>\n<li>Table de kin\u00e9<\/li>\n<li>Table de massage<\/li>\n<li>Tabouret op\u00e9rateur , etc\u2026<\/li>\n<\/ul>\n<\/div>\n<div>\n<p><span style=\"color: #ff0000;\">-La sellerie d&rsquo;ameublement :<\/span><\/p>\n<\/div>\n<div>\n<ul>\n<li>Canap\u00e9, fauteuil , banquette, chaise ( restauration, cin\u00e9ma ,\u00e9cole,etc\u2026)<\/li>\n<li>Gainage de meuble<\/li>\n<\/ul>\n<\/div>\n<div>\n<p>Pour tous projets , n&rsquo;h\u00e9sitez pas a nous contacter, pour\u00a0 prendre rendez-vous afin d&rsquo;\u00e9tudier gratuitement vos besoins en fonction de votre budget et\u00a0 de vos d\u00e9sirs.Apr\u00e8s accord des mati\u00e8res et de la conception nous pourrons vous \u00e9tablir un devis.<\/p>\n<\/div>\n<div>\n<p>Je vous invite \u00e0 visiter notre site pour voir <a href=\"https:\/\/sellerie-jeannot.fr\/wordpress\/nos-realisations\/\">nos diff\u00e9rentes r\u00e9alisations<\/a>.<\/p>\n<\/div>\n<p><span style=\"color: #ffffff;\">Sellerie Garnisseur Tarn-et-Garonne Montauban<\/span><\/p>\n","protected":false},"excerpt":{"rendered":"<p>Nous pouvons r\u00e9aliser toutes prestations , remise en \u00e9tat\u00a0 ou personnalisation de l&rsquo;int\u00e9rieur de votre auto(ciel de toit, portes, tapis, si\u00e8ges),\u00a0 moto (selle confort ou sur-mesure),\u00a0 bateau(banquette, si\u00e8ge),\u00a0 du mat\u00e9riel m\u00e9dical (tables et fauteuil d&rsquo;examen, salle d&rsquo;attente, &#8230;) , des camping-cars, des camions\/utilitaires ou de l&rsquo;ameublement (canap\u00e9, tabouret, pouf, &#8230; Tous ces produits\u00a0 sont utilis\u00e9es [&hellip;]<\/p>\n","protected":false},"author":1,"featured_media":0,"parent":0,"menu_order":0,"comment_status":"closed","ping_status":"open","template":"","meta":{"footnotes":""},"class_list":["post-2","page","type-page","status-publish","hentry"],"_links":{"self":[{"href":"https:\/\/sellerie-jeannot.fr\/wordpress\/wp-json\/wp\/v2\/pages\/2","targetHints":{"allow":["GET"]}}],"collection":[{"href":"https:\/\/sellerie-jeannot.fr\/wordpress\/wp-json\/wp\/v2\/pages"}],"about":[{"href":"https:\/\/sellerie-jeannot.fr\/wordpress\/wp-json\/wp\/v2\/types\/page"}],"author":[{"embeddable":true,"href":"https:\/\/sellerie-jeannot.fr\/wordpress\/wp-json\/wp\/v2\/users\/1"}],"replies":[{"embeddable":true,"href":"https:\/\/sellerie-jeannot.fr\/wordpress\/wp-json\/wp\/v2\/comments?post=2"}],"version-history":[{"count":15,"href":"https:\/\/sellerie-jeannot.fr\/wordpress\/wp-json\/wp\/v2\/pages\/2\/revisions"}],"predecessor-version":[{"id":186,"href":"https:\/\/sellerie-jeannot.fr\/wordpress\/wp-json\/wp\/v2\/pages\/2\/revisions\/186"}],"wp:attachment":[{"href":"https:\/\/sellerie-jeannot.fr\/wordpress\/wp-json\/wp\/v2\/media?parent=2"}],"curies":[{"name":"wp","href":"https:\/\/api.w.org\/{rel}","templated":true}]}}