{"id":26,"date":"2018-02-11T19:13:46","date_gmt":"2018-02-11T18:13:46","guid":{"rendered":"http:\/\/sellerie-jeannot.fr\/wordpress\/?page_id=26"},"modified":"2025-08-11T20:10:01","modified_gmt":"2025-08-11T19:10:01","slug":"nous-contacter","status":"publish","type":"page","link":"https:\/\/sellerie-jeannot.fr\/wordpress\/nous-contacter\/","title":{"rendered":"Nous contacter"},"content":{"rendered":"<p>Vous souhaitez nous contacter pour avoir des informations ou avoir une estimation pour une prestation.<\/p>\n<p>Nous sommes localis\u00e9s \u00e0 Lamothe-Capdeville (82130) au 875 chemin des garrigues, voici un plan pour nous situer :<br \/>\n<iframe loading=\"lazy\" style=\"border: 0;\" src=\"https:\/\/www.google.com\/maps\/embed?pb=!1m18!1m12!1m3!1d2864.5547441174763!2d1.4146726157879443!3d44.11317863058209!2m3!1f0!2f0!3f0!3m2!1i1024!2i768!4f13.1!3m3!1m2!1s0x12ac6cef01e6191b%3A0xc9474a4c776321d3!2s875+Chemin+des+Garrigues%2C+82130+Lamothe-Capdeville!5e0!3m2!1sfr!2sfr!4v1518374934967\" width=\"600\" height=\"450\" frameborder=\"0\" allowfullscreen=\"allowfullscreen\"><\/iframe><br \/>\nVous pouvez nous contacter par t\u00e9l\u00e9phone au <a href=\"tel:0651191495\">0651191495<\/a><\/p>\n<style>\n  .mobilesOnly {visibility:hidden;}<br \/><\/style>\n<p>ou par email <a href=\"mailto:selleriejeannot@orange.fr\" target=\"_blank\" rel=\"noopener\">selleriejeannot@orange.fr<\/a><\/p>\n<p>Merci et \u00e0 bient\u00f4t<\/p>\n<p><span style=\"color: #ffffff;\">Sellerie Garnisseur Tarn-et-Garonne Montauban<\/span><\/p>\n","protected":false},"excerpt":{"rendered":"<p>Vous souhaitez nous contacter pour avoir des informations ou avoir une estimation pour une prestation. Nous sommes localis\u00e9s \u00e0 Lamothe-Capdeville (82130) au 875 chemin des garrigues, voici un plan pour nous situer : Vous pouvez nous contacter par t\u00e9l\u00e9phone au 0651191495 ou par email selleriejeannot@orange.fr Merci et \u00e0 bient\u00f4t Sellerie Garnisseur Tarn-et-Garonne Montauban<\/p>\n","protected":false},"author":1,"featured_media":0,"parent":0,"menu_order":0,"comment_status":"closed","ping_status":"closed","template":"","meta":{"footnotes":""},"class_list":["post-26","page","type-page","status-publish","hentry"],"_links":{"self":[{"href":"https:\/\/sellerie-jeannot.fr\/wordpress\/wp-json\/wp\/v2\/pages\/26","targetHints":{"allow":["GET"]}}],"collection":[{"href":"https:\/\/sellerie-jeannot.fr\/wordpress\/wp-json\/wp\/v2\/pages"}],"about":[{"href":"https:\/\/sellerie-jeannot.fr\/wordpress\/wp-json\/wp\/v2\/types\/page"}],"author":[{"embeddable":true,"href":"https:\/\/sellerie-jeannot.fr\/wordpress\/wp-json\/wp\/v2\/users\/1"}],"replies":[{"embeddable":true,"href":"https:\/\/sellerie-jeannot.fr\/wordpress\/wp-json\/wp\/v2\/comments?post=26"}],"version-history":[{"count":19,"href":"https:\/\/sellerie-jeannot.fr\/wordpress\/wp-json\/wp\/v2\/pages\/26\/revisions"}],"predecessor-version":[{"id":410,"href":"https:\/\/sellerie-jeannot.fr\/wordpress\/wp-json\/wp\/v2\/pages\/26\/revisions\/410"}],"wp:attachment":[{"href":"https:\/\/sellerie-jeannot.fr\/wordpress\/wp-json\/wp\/v2\/media?parent=26"}],"curies":[{"name":"wp","href":"https:\/\/api.w.org\/{rel}","templated":true}]}}