{"id":53,"date":"2018-02-11T22:33:49","date_gmt":"2018-02-11T21:33:49","guid":{"rendered":"http:\/\/sellerie-jeannot.fr\/wordpress\/?page_id=53"},"modified":"2025-08-11T20:10:01","modified_gmt":"2025-08-11T19:10:01","slug":"accueil","status":"publish","type":"page","link":"https:\/\/sellerie-jeannot.fr\/wordpress\/","title":{"rendered":"Accueil"},"content":{"rendered":"<p>Bienvenue sur le site Web de la sellerie Jeannot<\/p>\n<h3>PRESENTATION :<\/h3>\n<p>La sellerie Jeannot a \u00e9t\u00e9 cr\u00e9e en 2017 dans le Tarn-et-Garonne au nord de Montauban \u00e0 Lamothe-Capdeville. Issue d&rsquo;une longue exp\u00e9rience de 17 ans dans le milieu a\u00e9ronautique, nous souhaitons faire profiter nos clients de notre savoir-faire dans le travail du tissu , ska\u00cf , cuir, ect&#8230;.., tout projets que se soit de r\u00e9novation ou r\u00e9alisation sur mesure et que vous soyez particulier ou professionnel , nous vous proposons nos services dans des domaines tr\u00e8s diversifi\u00e9s : automobiles ( anciennes ou r\u00e9centes) , moto , bateaux, m\u00e9dical , ameublements , autres&#8230;), un seul interlocuteur unique pour le suivi et le conseil de votre projet accompagner d&rsquo;une large gamme de tissu, cuir, simili, alors n&rsquo;h\u00e9sitez pas a faire appel a nos services, nous serons a votre \u00e9coute.<\/p>\n<p><span style=\"color: #ffffff;\">Sellerie Garnisseur Tarn-et-Garonne Montauban<\/span><\/p>\n","protected":false},"excerpt":{"rendered":"<p>Bienvenue sur le site Web de la sellerie Jeannot PRESENTATION : La sellerie Jeannot a \u00e9t\u00e9 cr\u00e9e en 2017 dans le Tarn-et-Garonne au nord de Montauban \u00e0 Lamothe-Capdeville. Issue d&rsquo;une longue exp\u00e9rience de 17 ans dans le milieu a\u00e9ronautique, nous souhaitons faire profiter nos clients de notre savoir-faire dans le travail du tissu , ska\u00cf [&hellip;]<\/p>\n","protected":false},"author":1,"featured_media":0,"parent":0,"menu_order":0,"comment_status":"closed","ping_status":"closed","template":"","meta":{"footnotes":""},"class_list":["post-53","page","type-page","status-publish","hentry"],"_links":{"self":[{"href":"https:\/\/sellerie-jeannot.fr\/wordpress\/wp-json\/wp\/v2\/pages\/53","targetHints":{"allow":["GET"]}}],"collection":[{"href":"https:\/\/sellerie-jeannot.fr\/wordpress\/wp-json\/wp\/v2\/pages"}],"about":[{"href":"https:\/\/sellerie-jeannot.fr\/wordpress\/wp-json\/wp\/v2\/types\/page"}],"author":[{"embeddable":true,"href":"https:\/\/sellerie-jeannot.fr\/wordpress\/wp-json\/wp\/v2\/users\/1"}],"replies":[{"embeddable":true,"href":"https:\/\/sellerie-jeannot.fr\/wordpress\/wp-json\/wp\/v2\/comments?post=53"}],"version-history":[{"count":8,"href":"https:\/\/sellerie-jeannot.fr\/wordpress\/wp-json\/wp\/v2\/pages\/53\/revisions"}],"predecessor-version":[{"id":187,"href":"https:\/\/sellerie-jeannot.fr\/wordpress\/wp-json\/wp\/v2\/pages\/53\/revisions\/187"}],"wp:attachment":[{"href":"https:\/\/sellerie-jeannot.fr\/wordpress\/wp-json\/wp\/v2\/media?parent=53"}],"curies":[{"name":"wp","href":"https:\/\/api.w.org\/{rel}","templated":true}]}}